{"id":4,"date":"2017-04-10T08:42:16","date_gmt":"2017-04-10T08:42:16","guid":{"rendered":"http:\/\/localhost\/mbfrigo-wp\/?page_id=4"},"modified":"2022-08-31T13:05:56","modified_gmt":"2022-08-31T13:05:56","slug":"home","status":"publish","type":"page","link":"https:\/\/www.mbfrigo.hr\/ea\/","title":{"rendered":"Home"},"content":{"rendered":"<p>mbfrigo grupa<\/p>\n","protected":false},"excerpt":{"rendered":"<p>MB Frigo Grupa &#8211; Va\u0161 partner za klimatizaciju i hla\u0111enje. Prodaja i distribucija rezervnih dijelova i opreme, in\u017eenjering poslovi klimatizacije i hla\u0111enja, proizvodnja i servis. Sve na jednom mjestu!<\/p>\n","protected":false},"author":1,"featured_media":0,"parent":0,"menu_order":1,"comment_status":"closed","ping_status":"closed","template":"tpl-home.php","meta":[],"acf":[],"_links":{"self":[{"href":"https:\/\/mail.mbfrigo.hr\/ea\/wp-json\/wp\/v2\/pages\/4"}],"collection":[{"href":"https:\/\/mail.mbfrigo.hr\/ea\/wp-json\/wp\/v2\/pages"}],"about":[{"href":"https:\/\/mail.mbfrigo.hr\/ea\/wp-json\/wp\/v2\/types\/page"}],"author":[{"embeddable":true,"href":"https:\/\/mail.mbfrigo.hr\/ea\/wp-json\/wp\/v2\/users\/1"}],"replies":[{"embeddable":true,"href":"https:\/\/mail.mbfrigo.hr\/ea\/wp-json\/wp\/v2\/comments?post=4"}],"version-history":[{"count":180,"href":"https:\/\/mail.mbfrigo.hr\/ea\/wp-json\/wp\/v2\/pages\/4\/revisions"}],"predecessor-version":[{"id":21605,"href":"https:\/\/mail.mbfrigo.hr\/ea\/wp-json\/wp\/v2\/pages\/4\/revisions\/21605"}],"wp:attachment":[{"href":"https:\/\/mail.mbfrigo.hr\/ea\/wp-json\/wp\/v2\/media?parent=4"}],"curies":[{"name":"wp","href":"https:\/\/api.w.org\/{rel}","templated":true}]}}